{"id":13,"date":"2010-06-15T23:53:08","date_gmt":"2010-06-15T21:53:08","guid":{"rendered":"http:\/\/granadablogs.com\/atrapandoadaniela\/?page_id=13"},"modified":"2011-11-13T14:40:08","modified_gmt":"2011-11-13T12:40:08","slug":"sonia-ruiz","status":"publish","type":"page","link":"https:\/\/granadablogs.com\/atrapandoadaniela\/sonia-ruiz\/","title":{"rendered":"Sonia Ruiz"},"content":{"rendered":"<p>Hija de un laureado fot\u00f3grafo de guerra y de una bella corista, Sonia Ruiz naci\u00f3 una calurosa noche de verano en mitad del Serengueti. Tras una azarosa infancia, a los quince a\u00f1os huy\u00f3 con un circo itinerante, donde conoci\u00f3 a su primer amor, un fiero domador de leones llamado Miroslav. Tras sufrir una amarga decepci\u00f3n por la aventura que \u00e9ste tuvo con la mujer barbuda, abandon\u00f3 el circo y viaj\u00f3 en busca de un lugar donde vivir sosegadamente. Sin embargo, su barco fue abordado por piratas filipinos, cuyo intr\u00e9pido jefe, el Zorro de los Mares, cay\u00f3 prendado de ella y la convirti\u00f3 en su lugarteniente. Poco despu\u00e9s se hab\u00eda hecho con el mando y, durante a\u00f1os, surc\u00f3 los mares con una de las m\u00e1s temidas naves del siglo XX. Finalmente, fue cazada por la marina norteamericana, que la encerr\u00f3 en una prisi\u00f3n de alta seguridad donde, por fin, tuvo tiempo para escribir sus libros. Si bien nada de esto sucedi\u00f3, a la autora le ha parecido que quedar\u00eda mejor que su sencilla y agradable vida en su Granada natal.<\/p>\n<p>Sonia Ruiz es autora de Daniela (Ed. Maghenta, Zaragoza, 2008), Daniela en cuarto menguante (Ed. Arcopress-Almuzara, C\u00f3rdoba, 2009) y Daniela Luna Nueva (Ed. Arcopress-Almuzara, C\u00f3rdoba, 2010), y est\u00e1 preparando en la actualidad la cuarta entrega de la saga.<\/p>\n","protected":false},"excerpt":{"rendered":"<p>Hija de un laureado fot\u00f3grafo de guerra y de una bella corista, Sonia Ruiz naci\u00f3 una calurosa noche de verano en mitad del Serengueti. Tras una azarosa infancia, a los quince a\u00f1os huy\u00f3 con un circo itinerante, donde conoci\u00f3 a su primer amor, un fiero domador de leones llamado Miroslav. Tras sufrir una amarga decepci\u00f3n [&hellip;]<\/p>\n","protected":false},"author":51,"featured_media":0,"parent":0,"menu_order":0,"comment_status":"open","ping_status":"open","template":"","meta":{"footnotes":""},"class_list":["post-13","page","type-page","status-publish","hentry"],"_links":{"self":[{"href":"https:\/\/granadablogs.com\/atrapandoadaniela\/wp-json\/wp\/v2\/pages\/13","targetHints":{"allow":["GET"]}}],"collection":[{"href":"https:\/\/granadablogs.com\/atrapandoadaniela\/wp-json\/wp\/v2\/pages"}],"about":[{"href":"https:\/\/granadablogs.com\/atrapandoadaniela\/wp-json\/wp\/v2\/types\/page"}],"author":[{"embeddable":true,"href":"https:\/\/granadablogs.com\/atrapandoadaniela\/wp-json\/wp\/v2\/users\/51"}],"replies":[{"embeddable":true,"href":"https:\/\/granadablogs.com\/atrapandoadaniela\/wp-json\/wp\/v2\/comments?post=13"}],"version-history":[{"count":9,"href":"https:\/\/granadablogs.com\/atrapandoadaniela\/wp-json\/wp\/v2\/pages\/13\/revisions"}],"predecessor-version":[{"id":344,"href":"https:\/\/granadablogs.com\/atrapandoadaniela\/wp-json\/wp\/v2\/pages\/13\/revisions\/344"}],"wp:attachment":[{"href":"https:\/\/granadablogs.com\/atrapandoadaniela\/wp-json\/wp\/v2\/media?parent=13"}],"curies":[{"name":"wp","href":"https:\/\/api.w.org\/{rel}","templated":true}]}}