{"id":2,"date":"2017-01-16T10:05:53","date_gmt":"2017-01-16T10:05:53","guid":{"rendered":"http:\/\/granadablogs.com\/elobjetivodiscreto\/?page_id=2"},"modified":"2024-12-30T09:22:48","modified_gmt":"2024-12-30T09:22:48","slug":"sobre-mi","status":"publish","type":"page","link":"https:\/\/granadablogs.com\/elobjetivodiscreto\/sobre-mi\/","title":{"rendered":"Sobre m\u00ed"},"content":{"rendered":"\n<p>Me llamo Jorge Pastor. Soy periodista del diario Ideal de Granada desde el a\u00f1o 2002. Llevo escritos unos 15.000 art\u00edculos. Me encanta patearme la calle para contar, en primera persona, qu\u00e9 le sucede a la gente. Tambi\u00e9n soy un apasionado de la fotograf\u00eda.<\/p>\n\n\n\n<div style=\"height:100px\" aria-hidden=\"true\" class=\"wp-block-spacer\"><\/div>\n","protected":false},"excerpt":{"rendered":"<p>Me llamo Jorge Pastor. Soy periodista del diario Ideal de Granada desde el a\u00f1o 2002. Llevo escritos unos 15.000 art\u00edculos. Me encanta patearme la calle para contar, en primera persona, qu\u00e9 le sucede a la gente. Tambi\u00e9n soy un apasionado de la fotograf\u00eda.<\/p>\n","protected":false},"author":1,"featured_media":0,"parent":0,"menu_order":0,"comment_status":"closed","ping_status":"open","template":"","meta":{"footnotes":""},"class_list":["post-2","page","type-page","status-publish","hentry"],"_links":{"self":[{"href":"https:\/\/granadablogs.com\/elobjetivodiscreto\/wp-json\/wp\/v2\/pages\/2","targetHints":{"allow":["GET"]}}],"collection":[{"href":"https:\/\/granadablogs.com\/elobjetivodiscreto\/wp-json\/wp\/v2\/pages"}],"about":[{"href":"https:\/\/granadablogs.com\/elobjetivodiscreto\/wp-json\/wp\/v2\/types\/page"}],"author":[{"embeddable":true,"href":"https:\/\/granadablogs.com\/elobjetivodiscreto\/wp-json\/wp\/v2\/users\/1"}],"replies":[{"embeddable":true,"href":"https:\/\/granadablogs.com\/elobjetivodiscreto\/wp-json\/wp\/v2\/comments?post=2"}],"version-history":[{"count":3,"href":"https:\/\/granadablogs.com\/elobjetivodiscreto\/wp-json\/wp\/v2\/pages\/2\/revisions"}],"predecessor-version":[{"id":198,"href":"https:\/\/granadablogs.com\/elobjetivodiscreto\/wp-json\/wp\/v2\/pages\/2\/revisions\/198"}],"wp:attachment":[{"href":"https:\/\/granadablogs.com\/elobjetivodiscreto\/wp-json\/wp\/v2\/media?parent=2"}],"curies":[{"name":"wp","href":"https:\/\/api.w.org\/{rel}","templated":true}]}}