{"id":8,"date":"2017-01-16T12:59:40","date_gmt":"2017-01-16T12:59:40","guid":{"rendered":"http:\/\/granadablogs.com\/elobjetivodiscreto\/?page_id=8"},"modified":"2024-12-30T09:23:01","modified_gmt":"2024-12-30T09:23:01","slug":"sobre-el-blog","status":"publish","type":"page","link":"https:\/\/granadablogs.com\/elobjetivodiscreto\/sobre-el-blog\/","title":{"rendered":"Sobre el Blog"},"content":{"rendered":"\n<p>En &#8216;El objetivo discreto&#8217; confluyen mis dos grandes pasiones: el periodismo escrito y la fotograf\u00eda. En esta bit\u00e1cora, sucesora de mi querido &#8216;Patad\u00f3n y tentetieso&#8217;, subir\u00e9 im\u00e1genes que cuentan historias. Que ahondan en las emociones. Que reflejan realidades desde el prisma de la informaci\u00f3n y de la interpretaci\u00f3n.<\/p>\n\n\n\n<div style=\"height:100px\" aria-hidden=\"true\" class=\"wp-block-spacer\"><\/div>\n","protected":false},"excerpt":{"rendered":"<p>En &#8216;El objetivo discreto&#8217; confluyen mis dos grandes pasiones: el periodismo escrito y la fotograf\u00eda. En esta bit\u00e1cora, sucesora de mi querido &#8216;Patad\u00f3n y tentetieso&#8217;, subir\u00e9 im\u00e1genes que cuentan historias. Que ahondan en las emociones. Que reflejan realidades desde el prisma de la informaci\u00f3n y de la interpretaci\u00f3n.<\/p>\n","protected":false},"author":1,"featured_media":0,"parent":0,"menu_order":0,"comment_status":"closed","ping_status":"closed","template":"","meta":{"footnotes":""},"class_list":["post-8","page","type-page","status-publish","hentry"],"_links":{"self":[{"href":"https:\/\/granadablogs.com\/elobjetivodiscreto\/wp-json\/wp\/v2\/pages\/8","targetHints":{"allow":["GET"]}}],"collection":[{"href":"https:\/\/granadablogs.com\/elobjetivodiscreto\/wp-json\/wp\/v2\/pages"}],"about":[{"href":"https:\/\/granadablogs.com\/elobjetivodiscreto\/wp-json\/wp\/v2\/types\/page"}],"author":[{"embeddable":true,"href":"https:\/\/granadablogs.com\/elobjetivodiscreto\/wp-json\/wp\/v2\/users\/1"}],"replies":[{"embeddable":true,"href":"https:\/\/granadablogs.com\/elobjetivodiscreto\/wp-json\/wp\/v2\/comments?post=8"}],"version-history":[{"count":3,"href":"https:\/\/granadablogs.com\/elobjetivodiscreto\/wp-json\/wp\/v2\/pages\/8\/revisions"}],"predecessor-version":[{"id":199,"href":"https:\/\/granadablogs.com\/elobjetivodiscreto\/wp-json\/wp\/v2\/pages\/8\/revisions\/199"}],"wp:attachment":[{"href":"https:\/\/granadablogs.com\/elobjetivodiscreto\/wp-json\/wp\/v2\/media?parent=8"}],"curies":[{"name":"wp","href":"https:\/\/api.w.org\/{rel}","templated":true}]}}