{"id":2,"date":"2011-11-17T18:16:07","date_gmt":"2011-11-17T18:16:07","guid":{"rendered":"http:\/\/granadablogs.com\/entrelineas\/?page_id=2"},"modified":"2024-12-26T10:22:53","modified_gmt":"2024-12-26T10:22:53","slug":"sobre-este-blog","status":"publish","type":"page","link":"https:\/\/granadablogs.com\/entrelineas\/sobre-este-blog\/","title":{"rendered":"Sobre este blog"},"content":{"rendered":"<p style=\"text-align: right\"><em>\u00abEl viaje de la creaci\u00f3n no se encuentra cerrado, o fijado en unos l\u00edmites predeterminados, <\/em><em>sino que es intr\u00ednsecamente recreador\u00bb.<\/em><\/p>\n<p style=\"text-align: right\"><strong>ibn &#8216;Arab\u00ed<\/strong><\/p>\n<p>&nbsp;<\/p>\n<p>En este blog caben todas las ideas, todos los pensamientos, no es excluyente ni trata de ser paradigm\u00e1tico. Las diferentes opiniones son bienvenidas si ayudan a crecer lo aqu\u00ed comentado.<\/p>\n<p>Aunque est\u00e1 orientado al mundo de la empresa, a trav\u00e9s del marketing y del management, gran parte de los art\u00edculos est\u00e1n construidos partiendo de la interdisciplinareidad para obtener una visi\u00f3n m\u00e1s amplia, menos especializada. As\u00ed, la filosof\u00eda, las neurociencias, la psicolog\u00eda, la historia, la ecolog\u00eda, la etolog\u00eda, la literatura, el arte &#8230;, conforman un marco para enriquecer lo expresado a partir de la visi\u00f3n que aportan las diferentes ciencias.<\/p>\n<p>No es mi pretensi\u00f3n intentar saber de todo, m\u00e1s bien lo contrario. Partir del prop\u00f3sito de la inocente ignorancia para ir a\u00f1adiendo conocimientos de aqu\u00ed y de all\u00e1 es quiz\u00e1 la f\u00f3rmula m\u00e1s adecuada para llegar a conclusiones certeras. Observar los problemas desde fuera de su contexto para tener m\u00e1s clara la soluci\u00f3n y no dar nunca por sentada una tesis, son quiz\u00e1 las mejores herramientas para buscar nuevos horizontes.<\/p>\n<p>As\u00ed que, queridos lectores, convi\u00e9rtanse en c\u00f3mplices de esta aventura, de este viaje donde crear para llegar a cualquier puerto sea la mejor forma de seguir creciendo internamente.<\/p>\n<p>Bienvenidos!!<\/p>\n<p>&nbsp;<\/p>\n<p><strong>Jos\u00e9 Manuel Navarro Llena<\/strong><\/p>\n<p>CMO <a href=\"https:\/\/sefide.com\/\">SEFIDE EDE<\/a><\/p>\n<p>&nbsp;<\/p>\n<p>&nbsp;<\/p>\n","protected":false},"excerpt":{"rendered":"<p>\u00abEl viaje de la creaci\u00f3n no se encuentra cerrado, o fijado en unos l\u00edmites predeterminados, sino que es intr\u00ednsecamente recreador\u00bb. ibn &#8216;Arab\u00ed &nbsp; En este blog caben todas las ideas, todos los pensamientos, no es excluyente ni trata de ser paradigm\u00e1tico. Las diferentes opiniones son bienvenidas si ayudan a crecer lo aqu\u00ed comentado. Aunque est\u00e1 [&hellip;]<\/p>\n","protected":false},"author":66,"featured_media":0,"parent":0,"menu_order":0,"comment_status":"open","ping_status":"closed","template":"","meta":{"footnotes":""},"class_list":["post-2","page","type-page","status-publish","hentry"],"_links":{"self":[{"href":"https:\/\/granadablogs.com\/entrelineas\/wp-json\/wp\/v2\/pages\/2","targetHints":{"allow":["GET"]}}],"collection":[{"href":"https:\/\/granadablogs.com\/entrelineas\/wp-json\/wp\/v2\/pages"}],"about":[{"href":"https:\/\/granadablogs.com\/entrelineas\/wp-json\/wp\/v2\/types\/page"}],"author":[{"embeddable":true,"href":"https:\/\/granadablogs.com\/entrelineas\/wp-json\/wp\/v2\/users\/66"}],"replies":[{"embeddable":true,"href":"https:\/\/granadablogs.com\/entrelineas\/wp-json\/wp\/v2\/comments?post=2"}],"version-history":[{"count":5,"href":"https:\/\/granadablogs.com\/entrelineas\/wp-json\/wp\/v2\/pages\/2\/revisions"}],"predecessor-version":[{"id":1056,"href":"https:\/\/granadablogs.com\/entrelineas\/wp-json\/wp\/v2\/pages\/2\/revisions\/1056"}],"wp:attachment":[{"href":"https:\/\/granadablogs.com\/entrelineas\/wp-json\/wp\/v2\/media?parent=2"}],"curies":[{"name":"wp","href":"https:\/\/api.w.org\/{rel}","templated":true}]}}