{"id":12,"date":"2009-06-29T20:29:54","date_gmt":"2009-06-29T18:29:54","guid":{"rendered":"http:\/\/granadablogs.com\/gr-arquitectos\/?page_id=12"},"modified":"2024-12-26T14:47:18","modified_gmt":"2024-12-26T12:47:18","slug":"sobre-el-autor","status":"publish","type":"page","link":"https:\/\/granadablogs.com\/gr-arquitectos\/sobre-el-autor\/","title":{"rendered":"Sobre el autor"},"content":{"rendered":"\n<figure class=\"wp-block-image aligncenter size-medium\"><img loading=\"lazy\" decoding=\"async\" width=\"214\" height=\"300\" src=\"https:\/\/granadablogs.com\/gr-arquitectos\/files\/2016\/01\/JC-BN-214x300.jpg\" alt=\"JC BN\" class=\"wp-image-13530\" srcset=\"https:\/\/granadablogs.com\/gr-arquitectos\/files\/2016\/01\/JC-BN-214x300.jpg 214w, https:\/\/granadablogs.com\/gr-arquitectos\/files\/2016\/01\/JC-BN.jpg 425w\" sizes=\"auto, (max-width: 214px) 100vw, 214px\" \/><\/figure>\n\n\n\n<p><strong>SEMBLANZA DE JUAN CARLOS GARC\u00cdA DE LOS REYES<\/strong> (Memoria para la 1\u00aa Edici\u00f3n de los Premios Andaluc\u00eda de Urbanismo en su modalidad de Trayectoria Profesional, realizada por los profesores de la Universidad de Granada D. Jes\u00fas Beas Torroba, Ingeniero de Caminos Canales y Puertos, y D. Miguel \u00c1ngel S\u00e1nchez del \u00c1rbol, Ge\u00f3grafo)<\/p>\n\n\n\n<p><strong>JUAN CARLOS GARC\u00cdA DE LOS REYES<\/strong> (1960. Guadix, Granada. Andaluc\u00eda), es Master en Arquitectura (ETSA Sevilla 1984) y M\u00e1ster en Estudios Urbanos y Territoriales (INAP 1993).<\/p>\n\n\n\n<p>Este singular arquitecto y urbanista dirige en Andaluc\u00eda <strong>GR<\/strong><em>arquitectos<\/em> (Garc\u00eda de los Reyes, arquitectos asociados, SLUP) y en Latinoam\u00e9rica <em><strong>DCC Desarrollo de Ciudades Comprometidas<\/strong><\/em>, una alianza estrat\u00e9gica entre diversas consultoras andaluzas. En ambos casos, desempe\u00f1a su actividad en los campos de la ordenaci\u00f3n territorial y la planificaci\u00f3n urban\u00edstica y sectorial, bajo los principios de \u201c<em>La Ciudad Comprometida<\/em>\u201d.<\/p>\n\n\n\n<p>Ha desarrollado durante sus m\u00e1s de 30 a\u00f1os en ejercicio, una actividad profesional intensa, diversa, brillante y con un claro compromiso social y con la sostenibilidad. Y la ha llevado a cabo fundamentalmente en Andaluc\u00eda, y desde 2010 tambi\u00e9n con regularidad en Latinoam\u00e9rica, habi\u00e9ndose concretado en al menos un millar de proyectos y un centenar de trabajos de planificaci\u00f3n. Entre ellos cabr\u00eda destacar:<\/p>\n\n\n\n<p>&#8211; El planeamiento supramunicipal del<strong> Barranco del Poqueira<\/strong> (Bubi\u00f3n, Capileira y Pampaneira) y su contenido de protecci\u00f3n.<br \/>\n&#8211; El <strong>POTAUG<\/strong>: Plan de Ordenaci\u00f3n del territorio de la Aglomeraci\u00f3n Urbana de Granada.<br \/>\n&#8211; El Plan Especial de Protecci\u00f3n y Cat\u00e1logo de la <strong>Alhambra de Granada<\/strong>, Espa\u00f1a;<br \/>\n&#8211; El <strong>Centro Cultural Medina Elvira<\/strong>, Atarfe, Espa\u00f1a;<br \/>\n&#8211; Los <strong>Planes Directores de Conjuntos Monumentales<\/strong> tales como la Concatedral de Baza y el Convento de San Ant\u00f3n de Granada, respectivamente.<br \/>\n&#8211; Los <strong>Planes Locales de Instalaciones Deportivas<\/strong> de Granada, M\u00e1laga y Sevilla, entre otros.<br \/>\n&#8211; Numerosos <strong>PGOU y Planes Especiales de Protecci\u00f3n<\/strong> de Conjuntos Hist\u00f3ricos o Sitios Hist\u00f3ricos en Andaluc\u00eda.<br \/>\n&#8211; El anteproyecto de <strong>Ley de Gobernanza Territorial de Per\u00fa<\/strong>;<br \/>\n&#8211; El <strong>Plan de Desarrollo Metropolitano de Arequipa<\/strong>, Per\u00fa;<br \/>\n&#8211; Los <strong>Planes Urbanos Estrat\u00e9gicos<\/strong> de diversas ciudades de Chile;<br \/>\n&#8211; o los <strong>Planes Municipales de Movilidad Sostenible<\/strong> para las principales ciudades de Bolivia.<\/p>\n\n\n\n<p>Adem\u00e1s, es cofundador en 1991 de la UIM <em><strong>Uni\u00f3n Iberoamericana de Municipalistas<\/strong><\/em>, organismo internacional al que asesora en materia urban\u00edstica y ambiental; como docente en diversos cursos de especializaci\u00f3n; y coordinando su Red de Conocimiento sobre Urbanismo.<\/p>\n\n\n\n<p>Es autor de un buen n\u00famero de publicaciones y art\u00edculos de opini\u00f3n, y ha impartido decenas de conferencias sobre urbanismo y sostenibilidad en prestigiosas universidades de Espa\u00f1a y Latinoam\u00e9rica.<br \/>\nHa recibido numerosos reconocimientos profesionales entre los que cabe destacar los recibidos por:<\/p>\n\n\n\n<p>&#8211; En 1997 fue nominado por la Diputaci\u00f3n Provincial de Granada a los PREMIOS EUROPEOS DE URBANISMO por sus trabajos en el Barranco del Poqueira.<br \/>\n&#8211; La<strong> Bandera de Andaluc\u00eda<\/strong> por:<\/p>\n\n\n\n<p>o la planificaci\u00f3n metropolitana de Granada (POTAUG) en 2000;<br \/>\no la planificaci\u00f3n supramunicpal del Barranco de Poqueira en 2007;<\/p>\n\n\n\n<p>&#8211; <strong>Premio AGESPORT<\/strong> al mejor trabajo t\u00e9cnico de Andaluc\u00eda por el Plan Local de Instalaciones Deportivas de Granada, en 2006;<br \/>\n&#8211; Represent\u00f3 a Andaluc\u00eda en 2006, a propuesta de la Secretar\u00eda General de Ordenaci\u00f3n del Territorio y Urbanismo, en el PREMIO MEDITERR\u00c1NEO DEL PAISAJE, por su trabajo \u201cExperiencias de Sensibilizaci\u00f3n del Paisaje en La Alpujarra\u201d.<br \/>\n&#8211; <strong>Dedicaci\u00f3n del XXVIII Festival de M\u00fasica tradicional de La Alpujarra<\/strong> en 2009 (que por primera vez reca\u00eda en manos de un arquitecto) por sus planes, estudios y publicaciones sobre la arquitectura y el urbanismo tradicional de esta comarca;<br \/>\n&#8211; La<strong> Medalla C\u00edvica de la UIM,<\/strong> en 2016.<\/p>\n\n\n\n<p>Y adem\u00e1s, o seguramente sobre todo, es autor <strong>La Ciudad Comprometida.<\/strong><\/p>\n","protected":false},"excerpt":{"rendered":"<p>SEMBLANZA DE JUAN CARLOS GARC\u00cdA DE LOS REYES (Memoria para la 1\u00aa Edici\u00f3n de los Premios Andaluc\u00eda de Urbanismo en su modalidad de Trayectoria Profesional, realizada por los profesores de la Universidad de Granada D. Jes\u00fas Beas Torroba, Ingeniero de Caminos Canales y Puertos, y D. Miguel \u00c1ngel S\u00e1nchez del \u00c1rbol, Ge\u00f3grafo) JUAN CARLOS GARC\u00cdA [&hellip;]<\/p>\n","protected":false},"author":38,"featured_media":0,"parent":0,"menu_order":0,"comment_status":"open","ping_status":"open","template":"","meta":{"footnotes":""},"class_list":["post-12","page","type-page","status-publish","hentry"],"_links":{"self":[{"href":"https:\/\/granadablogs.com\/gr-arquitectos\/wp-json\/wp\/v2\/pages\/12","targetHints":{"allow":["GET"]}}],"collection":[{"href":"https:\/\/granadablogs.com\/gr-arquitectos\/wp-json\/wp\/v2\/pages"}],"about":[{"href":"https:\/\/granadablogs.com\/gr-arquitectos\/wp-json\/wp\/v2\/types\/page"}],"author":[{"embeddable":true,"href":"https:\/\/granadablogs.com\/gr-arquitectos\/wp-json\/wp\/v2\/users\/38"}],"replies":[{"embeddable":true,"href":"https:\/\/granadablogs.com\/gr-arquitectos\/wp-json\/wp\/v2\/comments?post=12"}],"version-history":[{"count":16,"href":"https:\/\/granadablogs.com\/gr-arquitectos\/wp-json\/wp\/v2\/pages\/12\/revisions"}],"predecessor-version":[{"id":16462,"href":"https:\/\/granadablogs.com\/gr-arquitectos\/wp-json\/wp\/v2\/pages\/12\/revisions\/16462"}],"wp:attachment":[{"href":"https:\/\/granadablogs.com\/gr-arquitectos\/wp-json\/wp\/v2\/media?parent=12"}],"curies":[{"name":"wp","href":"https:\/\/api.w.org\/{rel}","templated":true}]}}