{"id":44,"date":"2009-06-30T16:14:25","date_gmt":"2009-06-30T14:14:25","guid":{"rendered":"http:\/\/granadablogs.com\/gr-arquitectos\/?page_id=44"},"modified":"2009-06-30T16:15:06","modified_gmt":"2009-06-30T14:15:06","slug":"gr-arquitectos","status":"publish","type":"page","link":"https:\/\/granadablogs.com\/gr-arquitectos\/gr-arquitectos\/","title":{"rendered":"GR &#8211; arquitectos"},"content":{"rendered":"<p style=\"text-align: justify\"><strong>Garc\u00eda de los Reyes Arquitectos Asociados S.L.<\/strong> es un estudio granadino que inici\u00f3 un proceso de crecimiento, expansi\u00f3n y modernizaci\u00f3n, con la intenci\u00f3n de superar el concepto tradicional de Estudio de Arquitectura, y de esta manera ofrecer a los clientes un servicio m\u00e1s acorde con la nueva perspectiva y exigencias que la sociedad empezaba a demandar siempre bajo un control y garant\u00eda de calidad.<\/p>\n<p style=\"text-align: justify\"><strong>GR<\/strong><em>arquitectos<\/em> surge como respuesta a la necesidad global de construir, crear, edificar y planificar de una manera\u00a0 m\u00e1s respetuosa con el medio que nos rodea. Esta nueva conciencia comprometida es el horizonte profesional m\u00e1s cercano y prioritario, resolviendo los encargos desde la complejidad para ofrecer al cliente final un trabajo \u00fanico.<\/p>\n<p style=\"text-align: justify\"><strong>GR<\/strong><em>arquitectos<\/em> es un estudio moderno y singular, formado por un gran equipo multidisciplinar compuesto por treinta y nueve profesionales en el que no s\u00f3lo hay arquitectos ya que hasta diecis\u00e9is disciplinas profesionales competentes y diferentes convergen generando un amplio y productivo debate interno para la maduraci\u00f3n de proyectos, y en el que la formaci\u00f3n continua de los distintos profesionales que lo componen es parte importante y vital de su filosof\u00eda empresarial. Con esta estrategia se potencia la b\u00fasqueda del desarrollo profesional y personal, creando sinergias de grupo y dando un paso m\u00e1s en el campo de los recursos humanos, teniendo como eje vertebral la arquitectura y el urbanismo, el dise\u00f1o, la investigaci\u00f3n, la innovaci\u00f3n, etc.<\/p>\n<p style=\"text-align: justify\">Aparte de la gran valoraci\u00f3n del papel de la mujer en la empresa, esta aportaci\u00f3n positiva se siente enriquecida por las diferentes nacionalidades que se dan cita en el estudio haciendo que <strong>GR<\/strong><em>arquitectos<\/em> est\u00e9 a la vanguardia.<\/p>\n<p style=\"text-align: justify\"><a title=\"www.gr-arquitectos.com\" href=\"http:\/\/www.gr-arquitectos.com\" target=\"_blank\">www.gr-arquitectos.com<\/a><\/p>\n","protected":false},"excerpt":{"rendered":"<p>Garc\u00eda de los Reyes Arquitectos Asociados S.L. es un estudio granadino que inici\u00f3 un proceso de crecimiento, expansi\u00f3n y modernizaci\u00f3n, con la intenci\u00f3n de superar el concepto tradicional de Estudio de Arquitectura, y de esta manera ofrecer a los clientes un servicio m\u00e1s acorde con la nueva perspectiva y exigencias que la sociedad empezaba a [&hellip;]<\/p>\n","protected":false},"author":38,"featured_media":0,"parent":0,"menu_order":0,"comment_status":"open","ping_status":"open","template":"","meta":{"footnotes":""},"class_list":["post-44","page","type-page","status-publish","hentry"],"_links":{"self":[{"href":"https:\/\/granadablogs.com\/gr-arquitectos\/wp-json\/wp\/v2\/pages\/44","targetHints":{"allow":["GET"]}}],"collection":[{"href":"https:\/\/granadablogs.com\/gr-arquitectos\/wp-json\/wp\/v2\/pages"}],"about":[{"href":"https:\/\/granadablogs.com\/gr-arquitectos\/wp-json\/wp\/v2\/types\/page"}],"author":[{"embeddable":true,"href":"https:\/\/granadablogs.com\/gr-arquitectos\/wp-json\/wp\/v2\/users\/38"}],"replies":[{"embeddable":true,"href":"https:\/\/granadablogs.com\/gr-arquitectos\/wp-json\/wp\/v2\/comments?post=44"}],"version-history":[{"count":2,"href":"https:\/\/granadablogs.com\/gr-arquitectos\/wp-json\/wp\/v2\/pages\/44\/revisions"}],"predecessor-version":[{"id":46,"href":"https:\/\/granadablogs.com\/gr-arquitectos\/wp-json\/wp\/v2\/pages\/44\/revisions\/46"}],"wp:attachment":[{"href":"https:\/\/granadablogs.com\/gr-arquitectos\/wp-json\/wp\/v2\/media?parent=44"}],"curies":[{"name":"wp","href":"https:\/\/api.w.org\/{rel}","templated":true}]}}