{"id":5502,"date":"2011-02-16T13:52:19","date_gmt":"2011-02-16T11:52:19","guid":{"rendered":"http:\/\/granadablogs.com\/gr-arquitectos\/"},"modified":"2014-11-06T11:42:59","modified_gmt":"2014-11-06T09:42:59","slug":"canal-de-paisaje-iaph-2","status":"publish","type":"page","link":"https:\/\/granadablogs.com\/gr-arquitectos\/canal-de-paisaje-iaph-2\/","title":{"rendered":"Desarrollo de Ciudades Comprometidas (DCC)"},"content":{"rendered":"<p><strong>DESARROLLO DE CIUDADES COMPROMETIDAS, DCC.<\/strong><\/p>\n<p>&nbsp;<\/p>\n<p>Este proyecto nace de la alianza estrat\u00e9gica tras una larga experiencia de colaboraci\u00f3n conjunta en Espa\u00f1a e Iberoam\u00e9rica, de dos importantes empresas consultoras espa\u00f1olas, GR-arquitectos, SL y Urbanismo y Arquitectura LBA, SL, especializadas en planificaci\u00f3n territorial, urbana y sectorial, as\u00ed como en obra civil de urbanizaci\u00f3n y arquitectura. El objetivo de esta alianza no es otro que ampliar y mejorar los servicios que ambas prestan actualmente a sus clientes y reforzar su implantaci\u00f3n en Iberoam\u00e9rica.<\/p>\n<p>&nbsp;<\/p>\n<figure id=\"attachment_12327\" aria-describedby=\"caption-attachment-12327\" style=\"width: 570px\" class=\"wp-caption aligncenter\"><a href=\"http:\/\/granadablogs.com\/gr-arquitectos\/files\/2011\/02\/foto-DCC.jpg\"><img loading=\"lazy\" decoding=\"async\" class=\"wp-image-12327\" src=\"http:\/\/granadablogs.com\/gr-arquitectos\/files\/2011\/02\/foto-DCC.jpg\" alt=\"\" width=\"570\" height=\"428\" \/><\/a><figcaption id=\"caption-attachment-12327\" class=\"wp-caption-text\">Juan C. Garc\u00eda de los Reyes (Director y representante institucional), Carlos L\u00f3pez Canto (Director y coordinador t\u00e9cnico), Pedro Berm\u00fadez Gonz\u00e1lez (Director) y Javier Grondona Espa\u00f1a (Director)<\/figcaption><\/figure>\n<p>Est\u00e1 dirigida por cuatro arquitectos superiores urbanistas, cada uno con m\u00e1s de 30 a\u00f1os de experiencia en procesos de planificaci\u00f3n, proyecto y construcci\u00f3n.<\/p>\n<div><\/div>\n<div>Cuenta, entre Espa\u00f1a e Iberoam\u00e9rica, con el respaldo de m\u00e1s de 40 profesionales especializados y con un alto nivel de formaci\u00f3n en las distintas materias relacionadas con el urbanismo y la arquitectura (planificaci\u00f3n, an\u00e1lisis territorial, medio ambiente, ingenier\u00edas, econom\u00eda territorial y urbana, geograf\u00eda, sistemas de informaci\u00f3n geogr\u00e1fica, sociolog\u00eda, dise\u00f1o urbano, paisajismo, restauraci\u00f3n, movilidad y transportes, asesor\u00eda jur\u00eddica\u2026etc.), que garantizan la excelencia de los resultados.<\/div>\n<div><\/div>\n<div>As\u00ed mismo, <strong>DCC<\/strong> cuenta con acuerdos estrat\u00e9gicos de colaboraci\u00f3n con otras consultoras complementarios que son l\u00edderes internacionales en sus respectivos sectores de actuaci\u00f3n.<\/div>\n<div><\/div>\n<div>La proyecci\u00f3n internacional de <strong>DCC<\/strong> est\u00e1 \u00edntimamente ligada a los v\u00ednculos de sus directores con la Uni\u00f3n Iberoamericana de Municipalistas (de la cual Juan Carlos Garc\u00eda de los Reyes es miembro fundador y coordinador de su Red de Conocimiento sobre Urbanismo y Medio Ambiente) y con los organismos de cooperaci\u00f3n internacional de Espa\u00f1a y Andaluc\u00eda.<\/div>\n<div><\/div>\n<div>http:\/\/www.dcc-ciudades.com\/<\/div>\n<div><\/div>\n","protected":false},"excerpt":{"rendered":"<p>DESARROLLO DE CIUDADES COMPROMETIDAS, DCC. &nbsp; Este proyecto nace de la alianza estrat\u00e9gica tras una larga experiencia de colaboraci\u00f3n conjunta en Espa\u00f1a e Iberoam\u00e9rica, de dos importantes empresas consultoras espa\u00f1olas, GR-arquitectos, SL y Urbanismo y Arquitectura LBA, SL, especializadas en planificaci\u00f3n territorial, urbana y sectorial, as\u00ed como en obra civil de urbanizaci\u00f3n y arquitectura. El [&hellip;]<\/p>\n","protected":false},"author":38,"featured_media":0,"parent":0,"menu_order":0,"comment_status":"open","ping_status":"open","template":"","meta":{"footnotes":""},"class_list":["post-5502","page","type-page","status-publish","hentry"],"_links":{"self":[{"href":"https:\/\/granadablogs.com\/gr-arquitectos\/wp-json\/wp\/v2\/pages\/5502","targetHints":{"allow":["GET"]}}],"collection":[{"href":"https:\/\/granadablogs.com\/gr-arquitectos\/wp-json\/wp\/v2\/pages"}],"about":[{"href":"https:\/\/granadablogs.com\/gr-arquitectos\/wp-json\/wp\/v2\/types\/page"}],"author":[{"embeddable":true,"href":"https:\/\/granadablogs.com\/gr-arquitectos\/wp-json\/wp\/v2\/users\/38"}],"replies":[{"embeddable":true,"href":"https:\/\/granadablogs.com\/gr-arquitectos\/wp-json\/wp\/v2\/comments?post=5502"}],"version-history":[{"count":16,"href":"https:\/\/granadablogs.com\/gr-arquitectos\/wp-json\/wp\/v2\/pages\/5502\/revisions"}],"predecessor-version":[{"id":12328,"href":"https:\/\/granadablogs.com\/gr-arquitectos\/wp-json\/wp\/v2\/pages\/5502\/revisions\/12328"}],"wp:attachment":[{"href":"https:\/\/granadablogs.com\/gr-arquitectos\/wp-json\/wp\/v2\/media?parent=5502"}],"curies":[{"name":"wp","href":"https:\/\/api.w.org\/{rel}","templated":true}]}}