{"id":2,"date":"2012-01-27T16:57:12","date_gmt":"2012-01-27T16:57:12","guid":{"rendered":"http:\/\/granadablogs.com\/labatidora\/?page_id=2"},"modified":"2012-01-30T13:02:26","modified_gmt":"2012-01-30T13:02:26","slug":"pagina-ejemplo","status":"publish","type":"page","link":"https:\/\/granadablogs.com\/labatidora\/pagina-ejemplo\/","title":{"rendered":"Sobre el blog"},"content":{"rendered":"<p>Fran Hidalgo Carmona es Webmaster en ideal.es desde 2001. Gran escritor de c\u00f3digo fuente, ahora da el salto del backend al frontend para triturar la realidad y as\u00ed, hacerla m\u00e1s digerible.<\/p>\n<p>CONTACTO:<\/p>\n<ul>\n<li>Correo electr\u00f3nico: <a href=\"mailto:fhidalgo@ideal.es\">fhidalgo(arroba)ideal(punto)es<\/a><\/li>\n<li>Twitter: <a href=\"https:\/\/twitter.com\/#!\/phranet\" target=\"_blank\">@phranet<\/a><\/li>\n<\/ul>\n","protected":false},"excerpt":{"rendered":"<p>Fran Hidalgo Carmona es Webmaster en ideal.es desde 2001. Gran escritor de c\u00f3digo fuente, ahora da el salto del backend al frontend para triturar la realidad y as\u00ed, hacerla m\u00e1s digerible. CONTACTO: Correo electr\u00f3nico: fhidalgo(arroba)ideal(punto)es Twitter: @phranet<\/p>\n","protected":false},"author":7,"featured_media":0,"parent":0,"menu_order":0,"comment_status":"open","ping_status":"open","template":"","meta":{"footnotes":""},"class_list":["post-2","page","type-page","status-publish","hentry"],"_links":{"self":[{"href":"https:\/\/granadablogs.com\/labatidora\/wp-json\/wp\/v2\/pages\/2","targetHints":{"allow":["GET"]}}],"collection":[{"href":"https:\/\/granadablogs.com\/labatidora\/wp-json\/wp\/v2\/pages"}],"about":[{"href":"https:\/\/granadablogs.com\/labatidora\/wp-json\/wp\/v2\/types\/page"}],"author":[{"embeddable":true,"href":"https:\/\/granadablogs.com\/labatidora\/wp-json\/wp\/v2\/users\/7"}],"replies":[{"embeddable":true,"href":"https:\/\/granadablogs.com\/labatidora\/wp-json\/wp\/v2\/comments?post=2"}],"version-history":[{"count":2,"href":"https:\/\/granadablogs.com\/labatidora\/wp-json\/wp\/v2\/pages\/2\/revisions"}],"predecessor-version":[{"id":4,"href":"https:\/\/granadablogs.com\/labatidora\/wp-json\/wp\/v2\/pages\/2\/revisions\/4"}],"wp:attachment":[{"href":"https:\/\/granadablogs.com\/labatidora\/wp-json\/wp\/v2\/media?parent=2"}],"curies":[{"name":"wp","href":"https:\/\/api.w.org\/{rel}","templated":true}]}}