{"id":2,"date":"2011-12-13T11:20:59","date_gmt":"2011-12-13T11:20:59","guid":{"rendered":"http:\/\/granadablogs.com\/terecuerdo\/?page_id=2"},"modified":"2012-01-02T18:38:25","modified_gmt":"2012-01-02T18:38:25","slug":"pagina-ejemplo","status":"publish","type":"page","link":"https:\/\/granadablogs.com\/terecuerdo\/pagina-ejemplo\/","title":{"rendered":"Qui\u00e9n soy, qu\u00e9 es esto"},"content":{"rendered":"<p>El prop\u00f3sito de este blog no es otro que el de compartir historias contadas en el peri\u00f3dico a lo largo de su vida. Recuperar para ustedes portadas curiosas, hist\u00f3ricas, fotos del recuerdo, an\u00e9cdotas que forman parte de la memoria de Granada&#8230; Y hacerlo porque s\u00ed, o porque la actualidad nos pida mirar al pasado. IDEAL tiene un magn\u00edfico archivo: casi 80 a\u00f1os en fotograf\u00edas e informaciones que me gustar\u00eda compartir con ustedes.<\/p>\n<p>Esta p\u00e1gina es un trabajo de Amanda Mart\u00ednez Bad\u00eda, documentalista de IDEAL<\/p>\n<p>Tambi\u00e9n estamos en Facebook<\/p>\n<p><a href=\"http:\/\/www.facebook.com\/pages\/Hemeroteca-de-Ideal\/180853161953091\">http:\/\/www.facebook.com\/pages\/Hemeroteca-de-Ideal\/180853161953091<\/a><\/p>\n<p>y en Twitter<\/p>\n<p>@LaHemeroteca o en el\u00a0hashtag #efemeridesgranadinas<\/p>\n<p>Y puede leer m\u00e1s en:\u00a0<a href=\"http:\/\/blogs.ideal.es\/terecuerdo\/\">http:\/\/blogs.ideal.es\/terecuerdo\/<\/a><\/p>\n<p>&nbsp;<\/p>\n","protected":false},"excerpt":{"rendered":"<p>El prop\u00f3sito de este blog no es otro que el de compartir historias contadas en el peri\u00f3dico a lo largo de su vida. Recuperar para ustedes portadas curiosas, hist\u00f3ricas, fotos del recuerdo, an\u00e9cdotas que forman parte de la memoria de Granada&#8230; Y hacerlo porque s\u00ed, o porque la actualidad nos pida mirar al pasado. IDEAL [&hellip;]<\/p>\n","protected":false},"author":68,"featured_media":0,"parent":0,"menu_order":0,"comment_status":"open","ping_status":"open","template":"","meta":{"footnotes":""},"class_list":["post-2","page","type-page","status-publish","hentry"],"_links":{"self":[{"href":"https:\/\/granadablogs.com\/terecuerdo\/wp-json\/wp\/v2\/pages\/2","targetHints":{"allow":["GET"]}}],"collection":[{"href":"https:\/\/granadablogs.com\/terecuerdo\/wp-json\/wp\/v2\/pages"}],"about":[{"href":"https:\/\/granadablogs.com\/terecuerdo\/wp-json\/wp\/v2\/types\/page"}],"author":[{"embeddable":true,"href":"https:\/\/granadablogs.com\/terecuerdo\/wp-json\/wp\/v2\/users\/68"}],"replies":[{"embeddable":true,"href":"https:\/\/granadablogs.com\/terecuerdo\/wp-json\/wp\/v2\/comments?post=2"}],"version-history":[{"count":6,"href":"https:\/\/granadablogs.com\/terecuerdo\/wp-json\/wp\/v2\/pages\/2\/revisions"}],"predecessor-version":[{"id":57,"href":"https:\/\/granadablogs.com\/terecuerdo\/wp-json\/wp\/v2\/pages\/2\/revisions\/57"}],"wp:attachment":[{"href":"https:\/\/granadablogs.com\/terecuerdo\/wp-json\/wp\/v2\/media?parent=2"}],"curies":[{"name":"wp","href":"https:\/\/api.w.org\/{rel}","templated":true}]}}